{"id":885,"date":"2022-11-16T13:57:17","date_gmt":"2022-11-16T13:57:17","guid":{"rendered":"https:\/\/derwinzer.com\/?page_id=885"},"modified":"2026-04-10T11:28:18","modified_gmt":"2026-04-10T11:28:18","slug":"impressum","status":"publish","type":"page","link":"https:\/\/derwinzer.com\/?page_id=885","title":{"rendered":"Impressum"},"content":{"rendered":"\t\t<div data-elementor-type=\"wp-page\" data-elementor-id=\"885\" class=\"elementor elementor-885\">\n\t\t\t\t\t\t<section class=\"elementor-section elementor-top-section elementor-element elementor-element-3c81c1c elementor-section-boxed elementor-section-height-default elementor-section-height-default\" data-id=\"3c81c1c\" data-element_type=\"section\" data-e-type=\"section\">\n\t\t\t\t\t\t<div class=\"elementor-container elementor-column-gap-default\">\n\t\t\t\t\t<div class=\"elementor-column elementor-col-100 elementor-top-column elementor-element elementor-element-06daf45\" data-id=\"06daf45\" data-element_type=\"column\" data-e-type=\"column\">\n\t\t\t<div class=\"elementor-widget-wrap elementor-element-populated\">\n\t\t\t\t\t\t<div class=\"elementor-element elementor-element-fe7f425 elementor-widget elementor-widget-heading\" data-id=\"fe7f425\" data-element_type=\"widget\" data-e-type=\"widget\" data-widget_type=\"heading.default\">\n\t\t\t\t<div class=\"elementor-widget-container\">\n\t\t\t\t\t<h2 class=\"elementor-heading-title elementor-size-default\">Impressum<\/h2>\t\t\t\t<\/div>\n\t\t\t\t<\/div>\n\t\t\t\t\t<\/div>\n\t\t<\/div>\n\t\t\t\t\t<\/div>\n\t\t<\/section>\n\t\t\t\t<section class=\"elementor-section elementor-top-section elementor-element elementor-element-ebe8b9f elementor-section-boxed elementor-section-height-default elementor-section-height-default\" data-id=\"ebe8b9f\" data-element_type=\"section\" data-e-type=\"section\">\n\t\t\t\t\t\t<div class=\"elementor-container elementor-column-gap-default\">\n\t\t\t\t\t<div class=\"elementor-column elementor-col-100 elementor-top-column elementor-element elementor-element-35dc1b9\" data-id=\"35dc1b9\" data-element_type=\"column\" data-e-type=\"column\">\n\t\t\t<div class=\"elementor-widget-wrap elementor-element-populated\">\n\t\t\t\t\t\t<div class=\"elementor-element elementor-element-d20ea21 elementor-widget elementor-widget-spacer\" data-id=\"d20ea21\" data-element_type=\"widget\" data-e-type=\"widget\" data-widget_type=\"spacer.default\">\n\t\t\t\t<div class=\"elementor-widget-container\">\n\t\t\t\t\t\t\t<div class=\"elementor-spacer\">\n\t\t\t<div class=\"elementor-spacer-inner\"><\/div>\n\t\t<\/div>\n\t\t\t\t\t\t<\/div>\n\t\t\t\t<\/div>\n\t\t\t\t<div class=\"elementor-element elementor-element-496e395 elementor-widget elementor-widget-text-editor\" data-id=\"496e395\" data-element_type=\"widget\" data-e-type=\"widget\" data-widget_type=\"text-editor.default\">\n\t\t\t\t<div class=\"elementor-widget-container\">\n\t\t\t\t\t\t\t\t\t<p>DER WINZER<br \/>\u00a9 Copyright 2022, Der Winzer<br \/>Angaben gem\u00e4\u00df \u00a7 5 TMG<\/p><p>ALLE RECHTE VORBEHALTEN. TEXT, FOTOS, GRAFIKEN, SOUND, ANIMATIONEN UND VIDEOS SOWIE DEREN ANORDNUNG AUF DER DER WINZER WEBSITE UNTERLIEGEN DEM SCHUTZ DES URHEBERRECHTS UND ANDERER SCHUTZGESETZE. DER INHALT DIESER WEBSITES DARF NICHT ZU KOMMERZIELLEN ZWECKEN KOPIERT, VERBREITET, VER\u00c4NDERT ODER DRITTEN ZUG\u00c4NGLICH GEMACHT WERDEN.<\/p><p><strong>Haftungsausschluss f\u00fcr Links<\/strong><br \/>DIE FIRMA DER WINZER, INH. SANDRA GRUNOW, BEM\u00dcHT SICH UM EINE KONTROLLE DER INHALTE DERJENIGEN FREMDEN INTERNETSEITEN, AUF DIE IM RAHMEN IHRES INTERNETANGEBOTES DIREKT ODER INDIREKT DURCH LINKS VERWIESEN WIRD. EINE LINKSETZUNG ERFOLGT NUR, WENN DIE VERLINKTE SEITE ZUM ZEITPUNKT DER LINKSETZUNG KEINE ILLEGALEN INHALTE ENTH\u00c4LT. DA DIE VER\u00c4NDERUNG DIESER INHALTE AUSSERHALB DES EINFLUSSBEREICHES DER FIRMA DER WINZER LIEGT, KANN EINE HAFTUNG F\u00dcR NACH DER LINKSETZUNG VER\u00c4NDERTE FREMDE INHALTE NICHT \u00dcBERNOMMEN WERDEN. DIE FIRMA DER WINZER ERKL\u00c4RT DESHALB AUSDR\u00dcCKLICH, DASS SIE SICH DEN INHALT DER VERLINKTEN SEITEN NICHT ZU EIGEN MACHT. F\u00dcR SCH\u00c4DEN, DIE AUS DER NUTZUNG DIESER FREMDEN SEITEN ENTSTEHEN, HAFTET ALLEINE DER ANBIETER DER SEITE, AUF WELCHE VERWIESEN WURDE.<\/p><p>DER WINZER<br \/>SANDRA GRUNOW<br \/>KANZELSTR. 5<br \/>33729 BIELEFELD<br \/>TELEFON: +49 521\/390339<br \/>TELEFAX: +49 521\/9629006<br \/>E-MAIL: INFO@DERWINZER.COM<br \/>INTERNET: WWW.DERWINZER.COM<\/p><p>BETRIEBSST\u00c4TTE BIELEFELD: SANDRA GRUNOW<br \/>SERVICE- UND DIENSTLEISTUNGEN IM GASTRONOMISCHEN BEREICH WEINHANDEL<br \/>BETRIEBSNUMMER: 1202687<\/p><p>FINANZAMT BIELEFELD &#8211; AUSSENSTADT<br \/>STEUERNUMMER: 349\/5101\/2317<\/p><p>F\u00dcR DEN INHALT DER WEBSITE VERANTWORTLICH IM SINNE DES \u00a7 6 DES VERTRAGES \u00dcBER MEDIENDIENSTE IST DIE FIRMA DER WINZER, INH. SANDRA GRUNOW<\/p><p><strong>RECHTLICHE HINWEISE<\/strong><br \/>DIE INHALTE UNSERER SEITEN WURDEN MIT GR\u00d6SSTER SORGFALT ERSTELLT. F\u00dcR DIE RICHTIGKEIT, VOLLST\u00c4NDIGKEIT UND AKTUALIT\u00c4T DER INHALTE K\u00d6NNEN WIR JEDOCH KEINE GEW\u00c4HR \u00dcBERNEHMEN. ALS DIENSTEANBIETER SIND WIR GEM\u00c4SS \u00a7 7 ABS.1 TMG F\u00dcR EIGENE INHALTE AUF DIESEN SEITEN NACH DEN ALLGEMEINEN GESETZEN VERANTWORTLICH. NACH \u00a7\u00a7 8 BIS 10 TMG SIND WIR ALS DIENSTEANBIETER JEDOCH NICHT VERPFLICHTET, \u00dcBERMITTELTE ODER GESPEICHERTE FREMDE INFORMATIONEN ZU \u00dcBERWACHEN ODER NACH UMST\u00c4NDEN ZU FORSCHEN, DIE AUF EINE RECHTSWIDRIGE T\u00c4TIGKEIT HINWEISEN. VERPFLICHTUNGEN ZUR ENTFERNUNG ODER SPERRUNG DER NUTZUNG VON INFORMATIONEN NACH DEN ALLGEMEINEN GESETZEN BLEIBEN HIERVON UNBER\u00dcHRT. EINE DIESBEZ\u00dcGLICHE HAFTUNG IST JEDOCH ERST AB DEM ZEITPUNKT DER KENNTNIS EINER KONKRETEN RECHTSVERLETZUNG M\u00d6GLICH. BEI BEKANNT WERDEN VON ENTSPRECHENDEN RECHTSVERLETZUNGEN WERDEN WIR DIESE INHALTE UMGEHEND ENTFERNEN.<br \/><br \/><strong>HAFTUNG F\u00dcR LINKS<\/strong><br \/>UNSER ANGEBOT ENTH\u00c4LT LINKS ZU EXTERNEN WEBSEITEN DRITTER, AUF DEREN INHALTE WIR KEINEN EINFLUSS HABEN. DESHALB K\u00d6NNEN WIR F\u00dcR DIESE FREMDEN INHALTE AUCH KEINE GEW\u00c4HR \u00dcBERNEHMEN. F\u00dcR DIE INHALTE DER VERLINKTEN SEITEN IST STETS DER JEWEILIGE ANBIETER ODER BETREIBER DER SEITEN VERANTWORTLICH. DIE VERLINKTEN SEITEN WURDEN ZUM ZEITPUNKT DER VERLINKUNG AUF M\u00d6GLICHE RECHTSVERST\u00d6SSE \u00dcBERPR\u00dcFT. RECHTSWIDRIGE INHALTE WAREN ZUM ZEITPUNKT DER VERLINKUNG NICHT ERKENNBAR. EINE PERMANENTE INHALTLICHE KONTROLLE DER VERLINKTEN SEITEN IST JEDOCH OHNE KONKRETE ANHALTSPUNKTE EINER RECHTSVERLETZUNG NICHT ZUMUTBAR. BEI BEKANNT WERDEN VON RECHTSVERLETZUNGEN WERDEN WIR DERARTIGE LINKS UMGEHEND ENTFERNEN<\/p><p><br \/><strong>URHEBERRECHT<\/strong><br \/>DIE DURCH DIE SEITENBETREIBER ERSTELLTEN INHALTE UND WERKE AUF DIESEN SEITEN UNTERLIEGEN DEM DEUTSCHEN URHEBERRECHT. BEITR\u00c4GE DRITTER SIND ALS SOLCHE GEKENNZEICHNET. DIE VERVIELF\u00c4LTIGUNG, BEARBEITUNG, VERBREITUNG UND JEDE ART DER VERWERTUNG AUSSERHALB DER GRENZEN DES URHEBERRECHTES BED\u00dcRFEN DER SCHRIFTLICHEN ZUSTIMMUNG DES JEWEILIGEN AUTORS BZW. ERSTELLERS. DOWNLOADS UND KOPIEN DIESER SEITE SIND NUR F\u00dcR DEN PRIVATEN, NICHT KOMMERZIELLEN GEBRAUCH GESTATTET. DIE BETREIBER DER SEITEN SIND BEM\u00dcHT, STETS DIE URHEBERRECHTE ANDERER ZU BEACHTEN BZW. AUF SELBST ERSTELLTE SOWIE LIZENZFREIE WERKE ZUR\u00dcCKZUGREIFEN<\/p><p><br \/><strong>DATENSCHUTZ<\/strong><br \/>SOWEIT AUF UNSEREN SEITEN PERSONENBEZOGENE DATEN (BEISPIELSWEISE NAME, ANSCHRIFT ODER E-MAIL-ADRESSEN) ERHOBEN WERDEN, ERFOLGT DIES SOWEIT M\u00d6GLICH STETS AUF FREIWILLIGER BASIS. DIE NUTZUNG DER ANGEBOTE UND DIENSTE IST, SOWEIT M\u00d6GLICH, STETS OHNE ANGABE PERSONENBEZOGENER DATEN M\u00d6GLICH. WIR WEISEN DARAUF HIN, DASS DIE DATEN\u00dcBERTRAGUNG IM INTERNET (Z. B. BEI DER KOMMUNIKATION PER E-MAIL) SICHERHEITSL\u00dcCKEN AUFWEISEN KANN. EIN L\u00dcCKENLOSER SCHUTZ DER DATEN VOR DEM ZUGRIFF DURCH DRITTE IST NICHT M\u00d6GLICH. DER NUTZUNG VON IM RAHMEN DER IMPRESSUMSPFLICHT VER\u00d6FFENTLICHTEN KONTAKTDATEN DURCH DRITTE ZUR \u00dcBERSENDUNG VON NICHT AUSDR\u00dcCKLICH ANGEFORDERTER WERBUNG UND INFORMATIONSMATERIALIEN WIRD HIERMIT AUSDR\u00dcCKLICH WIDERSPROCHEN. DIE BETREIBER DER SEITEN BEHALTEN SICH AUSDR\u00dcCKLICH RECHTLICHE SCHRITTE IM FALLE DER UNVERLANGTEN ZUSENDUNG VON WERBEINFORMATIONEN, ETWA DURCH SPAM-MAILS, VOR.<\/p><p><br \/><strong>ONLINE-STREITBEILEGUNG<\/strong><br \/>DIE EUROP\u00c4ISCHE KOMMISSION STELLT UNTER HTTPS:\/\/EC.EUROPA.EU\/CONSUMERS\/ODR\/ EINE PLATTFORM ZUR ONLINE-STREITBEILEGUNG BEREIT, DIE VERBRAUCHER F\u00dcR DIE BEILEGUNG EINER STREITIGKEIT NUTZEN K\u00d6NNEN UND AUF DER WEITERE INFORMATIONEN ZUM THEMA STREITSCHLICHTUNG ZU FINDEN SIND.<\/p><p><br \/><strong>AUSSERGERICHTLICHE STREITBEILEGUNG<\/strong><br \/>WIR SIND WEDER VERPFLICHTET NOCH DAZU BEREIT, IM FALLE EINER STREITIGKEIT MIT EINEM VERBRAUCHER AN EINEM STREITBEILEGUNGSVERFAHREN VOR EINER VERBRAUCHERSCHLICHTUNGSSTELLE TEILZUNEHMEN.<\/p>\t\t\t\t\t\t\t\t<\/div>\n\t\t\t\t<\/div>\n\t\t\t\t\t<\/div>\n\t\t<\/div>\n\t\t\t\t\t<\/div>\n\t\t<\/section>\n\t\t\t\t<\/div>\n\t\t","protected":false},"excerpt":{"rendered":"<p>Impressum DER WINZER\u00a9 Copyright 2022, Der WinzerAngaben gem\u00e4\u00df \u00a7 5 TMG ALLE RECHTE VORBEHALTEN. TEXT, FOTOS, GRAFIKEN, SOUND, ANIMATIONEN UND VIDEOS SOWIE DEREN ANORDNUNG AUF DER DER WINZER WEBSITE UNTERLIEGEN DEM SCHUTZ DES URHEBERRECHTS UND ANDERER SCHUTZGESETZE. DER INHALT DIESER WEBSITES DARF NICHT ZU KOMMERZIELLEN ZWECKEN KOPIERT, VERBREITET, VER\u00c4NDERT ODER DRITTEN ZUG\u00c4NGLICH GEMACHT WERDEN. Haftungsausschluss [&hellip;]<\/p>\n","protected":false},"author":1,"featured_media":0,"parent":0,"menu_order":0,"comment_status":"closed","ping_status":"closed","template":"","meta":{"ocean_post_layout":"","ocean_both_sidebars_style":"","ocean_both_sidebars_content_width":0,"ocean_both_sidebars_sidebars_width":0,"ocean_sidebar":"0","ocean_second_sidebar":"0","ocean_disable_margins":"enable","ocean_add_body_class":"","ocean_shortcode_before_top_bar":"","ocean_shortcode_after_top_bar":"","ocean_shortcode_before_header":"","ocean_shortcode_after_header":"","ocean_has_shortcode":"","ocean_shortcode_after_title":"","ocean_shortcode_before_footer_widgets":"","ocean_shortcode_after_footer_widgets":"","ocean_shortcode_before_footer_bottom":"","ocean_shortcode_after_footer_bottom":"","ocean_display_top_bar":"default","ocean_display_header":"default","ocean_header_style":"","ocean_center_header_left_menu":"0","ocean_custom_header_template":"0","ocean_custom_logo":0,"ocean_custom_retina_logo":0,"ocean_custom_logo_max_width":0,"ocean_custom_logo_tablet_max_width":0,"ocean_custom_logo_mobile_max_width":0,"ocean_custom_logo_max_height":0,"ocean_custom_logo_tablet_max_height":0,"ocean_custom_logo_mobile_max_height":0,"ocean_header_custom_menu":"0","ocean_menu_typo_font_family":"0","ocean_menu_typo_font_subset":"","ocean_menu_typo_font_size":0,"ocean_menu_typo_font_size_tablet":0,"ocean_menu_typo_font_size_mobile":0,"ocean_menu_typo_font_size_unit":"px","ocean_menu_typo_font_weight":"","ocean_menu_typo_font_weight_tablet":"","ocean_menu_typo_font_weight_mobile":"","ocean_menu_typo_transform":"","ocean_menu_typo_transform_tablet":"","ocean_menu_typo_transform_mobile":"","ocean_menu_typo_line_height":0,"ocean_menu_typo_line_height_tablet":0,"ocean_menu_typo_line_height_mobile":0,"ocean_menu_typo_line_height_unit":"","ocean_menu_typo_spacing":0,"ocean_menu_typo_spacing_tablet":0,"ocean_menu_typo_spacing_mobile":0,"ocean_menu_typo_spacing_unit":"","ocean_menu_link_color":"","ocean_menu_link_color_hover":"","ocean_menu_link_color_active":"","ocean_menu_link_background":"","ocean_menu_link_hover_background":"","ocean_menu_link_active_background":"","ocean_menu_social_links_bg":"","ocean_menu_social_hover_links_bg":"","ocean_menu_social_links_color":"","ocean_menu_social_hover_links_color":"","ocean_disable_title":"default","ocean_disable_heading":"default","ocean_post_title":"","ocean_post_subheading":"","ocean_post_title_style":"","ocean_post_title_background_color":"","ocean_post_title_background":0,"ocean_post_title_bg_image_position":"","ocean_post_title_bg_image_attachment":"","ocean_post_title_bg_image_repeat":"","ocean_post_title_bg_image_size":"","ocean_post_title_height":0,"ocean_post_title_bg_overlay":0.5,"ocean_post_title_bg_overlay_color":"","ocean_disable_breadcrumbs":"default","ocean_breadcrumbs_color":"","ocean_breadcrumbs_separator_color":"","ocean_breadcrumbs_links_color":"","ocean_breadcrumbs_links_hover_color":"","ocean_display_footer_widgets":"default","ocean_display_footer_bottom":"default","ocean_custom_footer_template":"0","footnotes":""},"class_list":["post-885","page","type-page","status-publish","hentry","entry"],"_links":{"self":[{"href":"https:\/\/derwinzer.com\/index.php?rest_route=\/wp\/v2\/pages\/885","targetHints":{"allow":["GET"]}}],"collection":[{"href":"https:\/\/derwinzer.com\/index.php?rest_route=\/wp\/v2\/pages"}],"about":[{"href":"https:\/\/derwinzer.com\/index.php?rest_route=\/wp\/v2\/types\/page"}],"author":[{"embeddable":true,"href":"https:\/\/derwinzer.com\/index.php?rest_route=\/wp\/v2\/users\/1"}],"replies":[{"embeddable":true,"href":"https:\/\/derwinzer.com\/index.php?rest_route=%2Fwp%2Fv2%2Fcomments&post=885"}],"version-history":[{"count":17,"href":"https:\/\/derwinzer.com\/index.php?rest_route=\/wp\/v2\/pages\/885\/revisions"}],"predecessor-version":[{"id":2274,"href":"https:\/\/derwinzer.com\/index.php?rest_route=\/wp\/v2\/pages\/885\/revisions\/2274"}],"wp:attachment":[{"href":"https:\/\/derwinzer.com\/index.php?rest_route=%2Fwp%2Fv2%2Fmedia&parent=885"}],"curies":[{"name":"wp","href":"https:\/\/api.w.org\/{rel}","templated":true}]}}